{"id":5431,"date":"2024-05-16T23:36:43","date_gmt":"2024-05-16T20:36:43","guid":{"rendered":"https:\/\/armtek.com.tr\/arvt-m24-wf\/"},"modified":"2024-08-19T14:36:12","modified_gmt":"2024-08-19T11:36:12","slug":"arvt-m24-wf","status":"publish","type":"page","link":"https:\/\/armtek.com.tr\/en\/arvt-m24-wf\/","title":{"rendered":"ARVT-M24-WF"},"content":{"rendered":"\t\t<div data-elementor-type=\"wp-page\" data-elementor-id=\"5431\" class=\"elementor elementor-5431 elementor-2236\">\n\t\t\t\t\t\t<section class=\"elementor-section elementor-top-section elementor-element elementor-element-57a88453 elementor-section-stretched elementor-section-boxed elementor-section-height-default elementor-section-height-default\" data-id=\"57a88453\" data-element_type=\"section\" data-settings=\"{&quot;stretch_section&quot;:&quot;section-stretched&quot;,&quot;background_background&quot;:&quot;classic&quot;}\">\n\t\t\t\t\t\t<div class=\"elementor-container elementor-column-gap-default\">\n\t\t\t\t\t<div class=\"elementor-column elementor-col-100 elementor-top-column elementor-element elementor-element-3629a386\" data-id=\"3629a386\" data-element_type=\"column\">\n\t\t\t<div class=\"elementor-widget-wrap elementor-element-populated\">\n\t\t\t\t\t\t<div class=\"elementor-element elementor-element-458c130 elementor-widget elementor-widget-cz_title\" data-id=\"458c130\" data-element_type=\"widget\" data-widget_type=\"cz_title.default\">\n\t\t\t\t<div class=\"elementor-widget-container\">\n\t\t\t\t\r\n\t\t<div>\r\n\t\t\t<div class=\"cz_title clr cz_title_pos_inline tac\"><div class=\"cz_title_content\"><div class=\"cz_wpe_content\"><div style=\"text-align: center; line-height: 1.4;\">\n<div class=\"page-title-head hgroup\">\n<h4>ARVT-M24-WF<\/h4>\n<\/div>\n<\/div>\n<\/div><\/div><\/div>\r\n\t\t<\/div>\r\n\t\t\r\n\t\t\t\t<\/div>\n\t\t\t\t<\/div>\n\t\t\t\t\t<\/div>\n\t\t<\/div>\n\t\t\t\t\t<\/div>\n\t\t<\/section>\n\t\t<div class=\"elementor-element elementor-element-08d4e09 e-flex e-con-boxed e-con e-parent\" data-id=\"08d4e09\" data-element_type=\"container\" data-core-v316-plus=\"true\">\n\t\t\t\t\t<div class=\"e-con-inner\">\n\t\t<div class=\"elementor-element elementor-element-e4c5b83 e-flex e-con-boxed e-con e-child\" data-id=\"e4c5b83\" data-element_type=\"container\">\n\t\t\t\t\t<div class=\"e-con-inner\">\n\t\t<div class=\"elementor-element elementor-element-34bfee4 e-con-full e-flex e-con e-child\" data-id=\"34bfee4\" data-element_type=\"container\">\n\t\t\t\t<div class=\"elementor-element elementor-element-b8f427b elementor-widget elementor-widget-image\" data-id=\"b8f427b\" data-element_type=\"widget\" data-widget_type=\"image.default\">\n\t\t\t\t<div class=\"elementor-widget-container\">\n\t\t\t<style>\/*! elementor - v3.20.0 - 26-03-2024 *\/\n.elementor-widget-image{text-align:center}.elementor-widget-image a{display:inline-block}.elementor-widget-image a img[src$=\".svg\"]{width:48px}.elementor-widget-image img{vertical-align:middle;display:inline-block}<\/style>\t\t\t\t\t\t\t\t\t\t<img fetchpriority=\"high\" decoding=\"async\" width=\"900\" height=\"900\" src=\"data:image\/svg+xml,%3Csvg%20xmlns%3D&#39;http%3A%2F%2Fwww.w3.org%2F2000%2Fsvg&#39;%20width=&#39;900&#39;%20height=&#39;900&#39;%20viewBox%3D&#39;0%200%20900%20900&#39;%2F%3E\" data-czlz data-src=\"https:\/\/armtek.com.tr\/wp-content\/uploads\/2024\/05\/ARVT-M24-WF-1.png\" class=\"attachment-large size-large wp-image-4327\" alt=\"\" data-srcset=\"https:\/\/armtek.com.tr\/wp-content\/uploads\/2024\/05\/ARVT-M24-WF-1.png 900w, https:\/\/armtek.com.tr\/wp-content\/uploads\/2024\/05\/ARVT-M24-WF-1-300x300.png 300w, https:\/\/armtek.com.tr\/wp-content\/uploads\/2024\/05\/ARVT-M24-WF-1-150x150.png 150w, https:\/\/armtek.com.tr\/wp-content\/uploads\/2024\/05\/ARVT-M24-WF-1-768x768.png 768w, https:\/\/armtek.com.tr\/wp-content\/uploads\/2024\/05\/ARVT-M24-WF-1-600x600.png 600w, https:\/\/armtek.com.tr\/wp-content\/uploads\/2024\/05\/ARVT-M24-WF-1-100x100.png 100w\" data-sizes=\"(max-width: 900px) 100vw, 900px\" \/>\t\t\t\t\t\t\t\t\t\t\t\t\t<\/div>\n\t\t\t\t<\/div>\n\t\t\t\t<div class=\"elementor-element elementor-element-4127fb2 elementor-widget elementor-widget-cz_gallery\" data-id=\"4127fb2\" data-element_type=\"widget\" data-widget_type=\"cz_gallery.default\">\n\t\t\t\t<div class=\"elementor-widget-container\">\n\t\t\t<div class=\"cz_grid_p\"><div class=\"cz_grid cz_grid_1 clr cz_grid_c4 cz_grid_1_no_title cz_grid_1_mid tac\"><div class=\"cz_grid_item cz_grid_first\"><\/div><div class=\"cz_grid_item \"><div><a class=\"cz_grid_link \" aria-lable=\"Image: ARVT---M24--WF--3\" href=\"https:\/\/armtek.com.tr\/wp-content\/uploads\/2024\/05\/ARVT-M24-WF-3.png\" data-xtra-lightbox><img decoding=\"async\" width=\"600\" height=\"600\" src=\"data:image\/svg+xml,%3Csvg%20xmlns%3D&#39;http%3A%2F%2Fwww.w3.org%2F2000%2Fsvg&#39;%20width=&#39;600&#39;%20height=&#39;600&#39;%20viewBox%3D&#39;0%200%20600%20600&#39;%2F%3E\" data-czlz data-src=\"https:\/\/armtek.com.tr\/wp-content\/uploads\/2024\/05\/ARVT-M24-WF-3-600x600.png\" class=\"attachment-codevz_600_600 size-codevz_600_600 wp-image-2239\" alt=\"\" data-srcset=\"https:\/\/armtek.com.tr\/wp-content\/uploads\/2024\/05\/ARVT-M24-WF-3-600x600.png 600w, https:\/\/armtek.com.tr\/wp-content\/uploads\/2024\/05\/ARVT-M24-WF-3-300x300.png 300w, https:\/\/armtek.com.tr\/wp-content\/uploads\/2024\/05\/ARVT-M24-WF-3-150x150.png 150w, https:\/\/armtek.com.tr\/wp-content\/uploads\/2024\/05\/ARVT-M24-WF-3-768x768.png 768w, https:\/\/armtek.com.tr\/wp-content\/uploads\/2024\/05\/ARVT-M24-WF-3-100x100.png 100w, https:\/\/armtek.com.tr\/wp-content\/uploads\/2024\/05\/ARVT-M24-WF-3.png 900w\" data-sizes=\"(max-width: 600px) 100vw, 600px\" \/><div class=\"cz_grid_details\"><i class=\"cz_grid_icon fa fa-search\"><\/i><\/div><\/a><\/div><\/div><div class=\"cz_grid_item \"><div><a class=\"cz_grid_link \" aria-lable=\"Image: ARVT---M24--WF---2\" href=\"https:\/\/armtek.com.tr\/wp-content\/uploads\/2024\/05\/ARVT-M24-WF-2.png\" data-xtra-lightbox><img decoding=\"async\" width=\"600\" height=\"600\" src=\"data:image\/svg+xml,%3Csvg%20xmlns%3D&#39;http%3A%2F%2Fwww.w3.org%2F2000%2Fsvg&#39;%20width=&#39;600&#39;%20height=&#39;600&#39;%20viewBox%3D&#39;0%200%20600%20600&#39;%2F%3E\" data-czlz data-src=\"https:\/\/armtek.com.tr\/wp-content\/uploads\/2024\/05\/ARVT-M24-WF-2-600x600.png\" class=\"attachment-codevz_600_600 size-codevz_600_600 wp-image-2238\" alt=\"\" data-srcset=\"https:\/\/armtek.com.tr\/wp-content\/uploads\/2024\/05\/ARVT-M24-WF-2-600x600.png 600w, https:\/\/armtek.com.tr\/wp-content\/uploads\/2024\/05\/ARVT-M24-WF-2-300x300.png 300w, https:\/\/armtek.com.tr\/wp-content\/uploads\/2024\/05\/ARVT-M24-WF-2-150x150.png 150w, https:\/\/armtek.com.tr\/wp-content\/uploads\/2024\/05\/ARVT-M24-WF-2-768x768.png 768w, https:\/\/armtek.com.tr\/wp-content\/uploads\/2024\/05\/ARVT-M24-WF-2-100x100.png 100w, https:\/\/armtek.com.tr\/wp-content\/uploads\/2024\/05\/ARVT-M24-WF-2.png 900w\" data-sizes=\"(max-width: 600px) 100vw, 600px\" \/><div class=\"cz_grid_details\"><i class=\"cz_grid_icon fa fa-search\"><\/i><\/div><\/a><\/div><\/div><\/div><\/div>\t\t<\/div>\n\t\t\t\t<\/div>\n\t\t\t\t<div class=\"elementor-element elementor-element-b62a023 elementor-hidden-desktop elementor-hidden-tablet elementor-hidden-mobile elementor-widget elementor-widget-cz_title\" data-id=\"b62a023\" data-element_type=\"widget\" data-widget_type=\"cz_title.default\">\n\t\t\t\t<div class=\"elementor-widget-container\">\n\t\t\t\t\r\n\t\t<div>\r\n\t\t\t<div class=\"cz_title clr cz_title_pos_left\"><div class=\"cz_title_content\"><div class=\"cz_wpe_content\"><p><em>TEDA\u015e-MYD\u2019nin ilgili \u015fartnamesine g\u00f6re BS-35 betondan \u00fcretilen Armtek Elektrik Monoblok Beton K\u00f6\u015fkler, a\u00e7\u0131k alanlarda mod\u00fcler ve kompakt hava yal\u0131t\u0131ml\u0131 h\u00fccreler\/ gaz yal\u0131t\u0131ml\u0131 h\u00fccreler, da\u011f\u0131t\u0131m trafolar\u0131, AG panolar, karayolu ve demiryolu ekipmanlar\u0131, jenarat\u00f6rler ve di\u011fer orta gerilim \u015falt cihazlar\u0131 ve da\u011f\u0131t\u0131m \u00fcr\u00fcnleri i\u00e7in 12- 36 kV\u2019ya kadar da\u011f\u0131t\u0131m sistemlerinde kullan\u0131ma uygundur. Tip testleri ICMET \u2013 LVT taraf\u0131ndan yap\u0131lm\u0131\u015ft\u0131r. T\u00fcm \u00f6zel \u00f6l\u00e7\u00fcler ve donan\u0131m eklentileri i\u00e7in satis@armtek.com.tr \u2018den bilgi alabilirsiniz<\/em><\/p><\/p>\n<\/div><\/div><\/div>\r\n\t\t<\/div>\r\n\t\t\r\n\t\t\t\t<\/div>\n\t\t\t\t<\/div>\n\t\t\t\t<\/div>\n\t\t<div class=\"elementor-element elementor-element-80736d5 e-con-full e-flex e-con e-child\" data-id=\"80736d5\" data-element_type=\"container\">\n\t\t\t\t<div class=\"elementor-element elementor-element-5b6bc2d elementor-widget elementor-widget-cz_tabs\" data-id=\"5b6bc2d\" data-element_type=\"widget\" data-widget_type=\"cz_tabs.default\">\n\t\t\t\t<div class=\"elementor-widget-container\">\n\t\t\t<div class=\"cz_tabs clr cz_tabs_htl cz_tabs_on_hover\"><div class=\"cz_tabs_content\"><a class=\"cz_tab_a hide elementor-repeater-item-441c80d\" data-tab=\"441c80d\" ><span class=\"cz_tab_in_title\">Document<\/span><\/a><div id=\"441c80d\" class=\"cz_tab\"><div><p><strong><a href=\"https:\/\/armtek.com.tr\/wp-content\/uploads\/2024\/05\/CTOG_00078-ARVT-M24WF.pdf\"><span>Download technical drawing<\/span><\/a><\/strong><\/p><\/div><\/div><a class=\"cz_tab_a hide elementor-repeater-item-42d78d2\" data-tab=\"42d78d2\" ><span class=\"cz_tab_in_title\">Technicial Specifications<small>ARVT-M24-WF<\/small><\/span><\/a><div id=\"42d78d2\" class=\"cz_tab\"><div><p><img loading=\"lazy\" decoding=\"async\" class=\"alignnone wp-image-6108 size-full\" src=\"data:image\/svg+xml,%3Csvg%20xmlns%3D&#39;http%3A%2F%2Fwww.w3.org%2F2000%2Fsvg&#39;%20width=&#39;1071&#39;%20height=&#39;812&#39;%20viewBox%3D&#39;0%200%201071%20812&#39;%2F%3E\" data-czlz data-src=\"https:\/\/armtek.com.tr\/wp-content\/uploads\/2024\/08\/ARMTEK_TABLO_EN_ARVTM24_WF.png\" alt=\"\" width=\"1071\" height=\"812\" data-srcset=\"https:\/\/armtek.com.tr\/wp-content\/uploads\/2024\/08\/ARMTEK_TABLO_EN_ARVTM24_WF.png 1071w, https:\/\/armtek.com.tr\/wp-content\/uploads\/2024\/08\/ARMTEK_TABLO_EN_ARVTM24_WF-300x227.png 300w, https:\/\/armtek.com.tr\/wp-content\/uploads\/2024\/08\/ARMTEK_TABLO_EN_ARVTM24_WF-1024x776.png 1024w, https:\/\/armtek.com.tr\/wp-content\/uploads\/2024\/08\/ARMTEK_TABLO_EN_ARVTM24_WF-768x582.png 768w, https:\/\/armtek.com.tr\/wp-content\/uploads\/2024\/08\/ARMTEK_TABLO_EN_ARVTM24_WF-600x455.png 600w\" data-sizes=\"(max-width: 1071px) 100vw, 1071px\" \/><\/p><\/div><\/div><\/div><\/div>\t\t<\/div>\n\t\t\t\t<\/div>\n\t\t\t\t<div class=\"elementor-element elementor-element-8fb2ab0 elementor-hidden-desktop elementor-hidden-tablet elementor-hidden-mobile elementor-widget elementor-widget-cz_tabs\" data-id=\"8fb2ab0\" data-element_type=\"widget\" data-widget_type=\"cz_tabs.default\">\n\t\t\t\t<div class=\"elementor-widget-container\">\n\t\t\t<div class=\"cz_tabs clr cz_tabs_htl cz_tabs_on_hover\"><div class=\"cz_tabs_content\"><a class=\"cz_tab_a hide elementor-repeater-item-441c80d\" data-tab=\"441c80d\" ><span class=\"cz_tab_in_title\">Dok\u00fcman<\/span><\/a><div id=\"441c80d\" class=\"cz_tab\"><div><p><strong><a href=\"\/wp-content\/uploads\/2024\/05\/CTOG_00078-ARVT-M24WF.pdf\">Teknik \u00e7izim indir<\/a><\/strong><\/p>\n<\/div><\/div><a class=\"cz_tab_a hide elementor-repeater-item-42d78d2\" data-tab=\"42d78d2\" ><span class=\"cz_tab_in_title\">Teknik \u00d6zellikler<small>ARVT-M24-WF<\/small><\/span><\/a><div id=\"42d78d2\" class=\"cz_tab\"><div><div class=\"vc_row wpb_row vc_row-fluid\" data-vc-full-width=\"true\" data-vc-full-width-init=\"true\">\n<div class=\"wpb_column vc_column_container vc_col-sm-8\">\n<div class=\"vc_column-inner\">\n<div class=\"wpb_wrapper\">\n<div class=\"wpb_tabs wpb_content_element tab-style-one\" data-interval=\"0\">\n<div class=\"wpb_wrapper wpb_tour_tabs_wrapper ui-tabs vc_clearfix ui-corner-all ui-widget ui-widget-content\">\n<div id=\"tab-c2ea2f1d-e032-1\" class=\"wpb_tab ui-tabs-panel wpb_ui-tabs-hide vc_clearfix ui-corner-bottom ui-widget-content\" role=\"tabpanel\" aria-labelledby=\"ui-id-1\" aria-hidden=\"false\">\n<div class=\"wpb_text_column wpb_content_element \">\n<div class=\"wpb_wrapper\">\n<div class=\"property-item sc-bwzfXH hKiLMS sc-bdVaJa iHZvIS sc-bdVaJa iHZvIS\">\n<div class=\"sc-bdVaJa YkvDQ\">\n<table>\n<tbody>\n<tr>\n<td colspan=\"3\">\n<p><span style=\"font-weight: 400;\">TEKN\u0130K B\u0130LG\u0130<\/span><\/p>\n<\/td>\n<\/tr>\n<tr>\n<td colspan=\"2\">\n<p><span style=\"font-weight: 400;\">T\u0130P<\/span><\/p>\n<\/td>\n<td>\n<p><span style=\"font-weight: 400;\">ARVTM24-WF<\/span><\/p>\n<\/td>\n<\/tr>\n<tr>\n<td>\n<p><span style=\"font-weight: 400;\">Anma Verileri<\/span><\/p>\n<\/td>\n<td colspan=\"2\"> <\/td>\n<\/tr>\n<tr>\n<td>\n<p><span style=\"font-weight: 400;\">Maksimum \u0130\u015fletme Gerilimi (Um)<\/span><\/p>\n<\/td>\n<td>\n<p><span style=\"font-weight: 400;\">kV<\/span><\/p>\n<\/td>\n<td>\n<p><span style=\"font-weight: 400;\">24<\/span><\/p>\n<\/td>\n<\/tr>\n<tr>\n<td>\n<p><span style=\"font-weight: 400;\">Test Gerilimleri<\/span><\/p>\n<\/td>\n<td>\n<p><span style=\"font-weight: 400;\">kV<\/span><\/p>\n<\/td>\n<td>\n<p><span style=\"font-weight: 400;\">50 \/ 125<\/span><\/p>\n<\/td>\n<\/tr>\n<tr>\n<td>\n<p><span style=\"font-weight: 400;\">\u015eebeke Frekans\u0131<\/span><\/p>\n<\/td>\n<td>\n<p><span style=\"font-weight: 400;\">Hz<\/span><\/p>\n<\/td>\n<td>\n<p><span style=\"font-weight: 400;\">50 veya 60<\/span><\/p>\n<\/td>\n<\/tr>\n<tr>\n<td>\n<p><span style=\"font-weight: 400;\">Maksimum Anma Primer Gerilimi<\/span><\/p>\n<\/td>\n<td>\n<p><span style=\"font-weight: 400;\">kV<\/span><\/p>\n<\/td>\n<td>\n<p><span style=\"font-weight: 400;\">12\/\u221a3<\/span><\/p>\n<\/td>\n<\/tr>\n<tr>\n<td>\n<p><span style=\"font-weight: 400;\">Anma Sekonder Gerilimi<\/span><\/p>\n<\/td>\n<td>\n<p><span style=\"font-weight: 400;\">V<\/span><\/p>\n<\/td>\n<td>\n<p><span style=\"font-weight: 400;\">100\/\u221a - 110\/\u221a3 \u2013 120\/\u221a3<\/span><\/p>\n<\/td>\n<\/tr>\n<tr>\n<td>\n<p><span style=\"font-weight: 400;\">\u00d6l\u00e7\u00fc Sarg\u0131s\u0131 i\u00e7in Anma Y\u00fck\u00fc<\/span><\/p>\n<\/td>\n<td>\n<p><span style=\"font-weight: 400;\">VA<\/span><\/p>\n<\/td>\n<td>\n<p><span style=\"font-weight: 400;\">Maksimum 100<\/span><\/p>\n<\/td>\n<\/tr>\n<tr>\n<td>\n<p><span style=\"font-weight: 400;\">Koruma Sarg\u0131s\u0131 i\u00e7in Anma Y\u00fck\u00fc <\/span><\/p>\n<\/td>\n<td>\n<p><span style=\"font-weight: 400;\">VA<\/span><\/p>\n<\/td>\n<td>\n<p><span style=\"font-weight: 400;\">Maksimum 100<\/span><\/p>\n<\/td>\n<\/tr>\n<tr>\n<td>\n<p><span style=\"font-weight: 400;\">A\u00e7\u0131k \u00dc\u00e7gen Sarg\u0131s\u0131 Termik Dayan\u0131m Ak\u0131m\u0131<\/span><\/p>\n<\/td>\n<td>\n<p><span style=\"font-weight: 400;\">A<\/span><\/p>\n<\/td>\n<td>\n<p><span style=\"font-weight: 400;\">Maksimum 6A<\/span><\/p>\n<\/td>\n<\/tr>\n<tr>\n<td>\n<p><span style=\"font-weight: 400;\">Anma Gerilim Fakt\u00f6r\u00fc 8h <\/span><\/p>\n<\/td>\n<td> <\/td>\n<td>\n<p><span style=\"font-weight: 400;\">1,9 Un<\/span><\/p>\n<\/td>\n<\/tr>\n<tr>\n<td>\n<p><span style=\"font-weight: 400;\">A\u011f\u0131rl\u0131k <\/span><\/p>\n<\/td>\n<td>\n<p><span style=\"font-weight: 400;\">kg<\/span><\/p>\n<\/td>\n<td>\n<p><span style=\"font-weight: 400;\">35<\/span><\/p>\n<\/td>\n<\/tr>\n<\/tbody>\n<\/table>\n<\/div>\n<\/div>\n<\/div>\n<\/div>\n<\/div>\n<\/div>\n<\/div>\n<\/div>\n<\/div>\n<\/div>\n<\/div>\n<\/div><\/div><\/div><\/div>\t\t<\/div>\n\t\t\t\t<\/div>\n\t\t\t\t<\/div>\n\t\t\t\t\t<\/div>\n\t\t\t\t<\/div>\n\t\t\t\t\t<\/div>\n\t\t\t\t<\/div>\n\t\t\t\t<\/div>\n\t\t","protected":false},"excerpt":{"rendered":"<p>ARVT-M24-WF TEDA\u015e-MYD\u2019nin ilgili \u015fartnamesine g\u00f6re BS-35 betondan \u00fcretilen Armtek Elektrik Monoblok &#8230; <\/p>\n","protected":false},"author":1,"featured_media":0,"parent":0,"menu_order":0,"comment_status":"closed","ping_status":"closed","template":"","meta":{"footnotes":""},"class_list":["post-5431","page","type-page","status-publish","hentry"],"_links":{"self":[{"href":"https:\/\/armtek.com.tr\/en\/wp-json\/wp\/v2\/pages\/5431"}],"collection":[{"href":"https:\/\/armtek.com.tr\/en\/wp-json\/wp\/v2\/pages"}],"about":[{"href":"https:\/\/armtek.com.tr\/en\/wp-json\/wp\/v2\/types\/page"}],"author":[{"embeddable":true,"href":"https:\/\/armtek.com.tr\/en\/wp-json\/wp\/v2\/users\/1"}],"replies":[{"embeddable":true,"href":"https:\/\/armtek.com.tr\/en\/wp-json\/wp\/v2\/comments?post=5431"}],"version-history":[{"count":7,"href":"https:\/\/armtek.com.tr\/en\/wp-json\/wp\/v2\/pages\/5431\/revisions"}],"predecessor-version":[{"id":6112,"href":"https:\/\/armtek.com.tr\/en\/wp-json\/wp\/v2\/pages\/5431\/revisions\/6112"}],"wp:attachment":[{"href":"https:\/\/armtek.com.tr\/en\/wp-json\/wp\/v2\/media?parent=5431"}],"curies":[{"name":"wp","href":"https:\/\/api.w.org\/{rel}","templated":true}]}}