{"id":5307,"date":"2024-05-16T21:28:44","date_gmt":"2024-05-16T18:28:44","guid":{"rendered":"https:\/\/armtek.com.tr\/armtek-transformatorler\/"},"modified":"2024-08-19T14:47:01","modified_gmt":"2024-08-19T11:47:01","slug":"arct-ka07-8019560","status":"publish","type":"page","link":"https:\/\/armtek.com.tr\/en\/arct-ka07-8019560\/","title":{"rendered":"ARCT &#8211; KA07 8019560"},"content":{"rendered":"\t\t<div data-elementor-type=\"wp-page\" data-elementor-id=\"5307\" class=\"elementor elementor-5307 elementor-2116\">\n\t\t\t\t\t\t<section class=\"elementor-section elementor-top-section elementor-element elementor-element-57a88453 elementor-section-stretched elementor-section-boxed elementor-section-height-default elementor-section-height-default\" data-id=\"57a88453\" data-element_type=\"section\" data-settings=\"{&quot;stretch_section&quot;:&quot;section-stretched&quot;,&quot;background_background&quot;:&quot;classic&quot;}\">\n\t\t\t\t\t\t<div class=\"elementor-container elementor-column-gap-default\">\n\t\t\t\t\t<div class=\"elementor-column elementor-col-100 elementor-top-column elementor-element elementor-element-3629a386\" data-id=\"3629a386\" data-element_type=\"column\">\n\t\t\t<div class=\"elementor-widget-wrap elementor-element-populated\">\n\t\t\t\t\t\t<div class=\"elementor-element elementor-element-458c130 elementor-widget elementor-widget-cz_title\" data-id=\"458c130\" data-element_type=\"widget\" data-widget_type=\"cz_title.default\">\n\t\t\t\t<div class=\"elementor-widget-container\">\n\t\t\t\t\r\n\t\t<div>\r\n\t\t\t<div class=\"cz_title clr cz_title_pos_inline tac\"><div class=\"cz_title_content\"><div class=\"cz_wpe_content\"><div style=\"text-align: center; line-height: 1.4;\"><div class=\"page-title-head hgroup\"><h4>ARCT - KA07 8019560<\/h4><\/div><\/div><\/div><\/div><\/div>\r\n\t\t<\/div>\r\n\t\t\r\n\t\t\t\t<\/div>\n\t\t\t\t<\/div>\n\t\t\t\t\t<\/div>\n\t\t<\/div>\n\t\t\t\t\t<\/div>\n\t\t<\/section>\n\t\t<div class=\"elementor-element elementor-element-08d4e09 e-flex e-con-boxed e-con e-parent\" data-id=\"08d4e09\" data-element_type=\"container\" data-core-v316-plus=\"true\">\n\t\t\t\t\t<div class=\"e-con-inner\">\n\t\t<div class=\"elementor-element elementor-element-e4c5b83 e-flex e-con-boxed e-con e-child\" data-id=\"e4c5b83\" data-element_type=\"container\">\n\t\t\t\t\t<div class=\"e-con-inner\">\n\t\t<div class=\"elementor-element elementor-element-34bfee4 e-con-full e-flex e-con e-child\" data-id=\"34bfee4\" data-element_type=\"container\">\n\t\t\t\t<div class=\"elementor-element elementor-element-b8f427b elementor-widget elementor-widget-image\" data-id=\"b8f427b\" data-element_type=\"widget\" data-widget_type=\"image.default\">\n\t\t\t\t<div class=\"elementor-widget-container\">\n\t\t\t<style>\/*! elementor - v3.20.0 - 26-03-2024 *\/\n.elementor-widget-image{text-align:center}.elementor-widget-image a{display:inline-block}.elementor-widget-image a img[src$=\".svg\"]{width:48px}.elementor-widget-image img{vertical-align:middle;display:inline-block}<\/style>\t\t\t\t\t\t\t\t\t\t<img fetchpriority=\"high\" decoding=\"async\" width=\"900\" height=\"900\" src=\"data:image\/svg+xml,%3Csvg%20xmlns%3D&#39;http%3A%2F%2Fwww.w3.org%2F2000%2Fsvg&#39;%20width=&#39;900&#39;%20height=&#39;900&#39;%20viewBox%3D&#39;0%200%20900%20900&#39;%2F%3E\" data-czlz data-src=\"https:\/\/armtek.com.tr\/wp-content\/uploads\/2024\/05\/ARCT-KA07-8019560-1.png\" class=\"attachment-large size-large wp-image-4337\" alt=\"\" data-srcset=\"https:\/\/armtek.com.tr\/wp-content\/uploads\/2024\/05\/ARCT-KA07-8019560-1.png 900w, https:\/\/armtek.com.tr\/wp-content\/uploads\/2024\/05\/ARCT-KA07-8019560-1-300x300.png 300w, https:\/\/armtek.com.tr\/wp-content\/uploads\/2024\/05\/ARCT-KA07-8019560-1-150x150.png 150w, https:\/\/armtek.com.tr\/wp-content\/uploads\/2024\/05\/ARCT-KA07-8019560-1-768x768.png 768w, https:\/\/armtek.com.tr\/wp-content\/uploads\/2024\/05\/ARCT-KA07-8019560-1-600x600.png 600w, https:\/\/armtek.com.tr\/wp-content\/uploads\/2024\/05\/ARCT-KA07-8019560-1-100x100.png 100w\" data-sizes=\"(max-width: 900px) 100vw, 900px\" \/>\t\t\t\t\t\t\t\t\t\t\t\t\t<\/div>\n\t\t\t\t<\/div>\n\t\t\t\t<div class=\"elementor-element elementor-element-4127fb2 elementor-widget elementor-widget-cz_gallery\" data-id=\"4127fb2\" data-element_type=\"widget\" data-widget_type=\"cz_gallery.default\">\n\t\t\t\t<div class=\"elementor-widget-container\">\n\t\t\t<div class=\"cz_grid_p\"><div class=\"cz_grid cz_grid_1 clr cz_grid_c4 cz_grid_1_no_title cz_grid_1_mid tac\"><div class=\"cz_grid_item cz_grid_first\"><\/div><div class=\"cz_grid_item \"><div><a class=\"cz_grid_link \" aria-lable=\"Image: ARCT-KA07-8019560---1\" href=\"https:\/\/armtek.com.tr\/wp-content\/uploads\/2024\/05\/ARCT-KA07-8019560-1.png\" data-xtra-lightbox><img decoding=\"async\" width=\"600\" height=\"600\" src=\"data:image\/svg+xml,%3Csvg%20xmlns%3D&#39;http%3A%2F%2Fwww.w3.org%2F2000%2Fsvg&#39;%20width=&#39;600&#39;%20height=&#39;600&#39;%20viewBox%3D&#39;0%200%20600%20600&#39;%2F%3E\" data-czlz data-src=\"https:\/\/armtek.com.tr\/wp-content\/uploads\/2024\/05\/ARCT-KA07-8019560-1-600x600.png\" class=\"attachment-codevz_600_600 size-codevz_600_600 wp-image-2118\" alt=\"\" data-srcset=\"https:\/\/armtek.com.tr\/wp-content\/uploads\/2024\/05\/ARCT-KA07-8019560-1-600x600.png 600w, https:\/\/armtek.com.tr\/wp-content\/uploads\/2024\/05\/ARCT-KA07-8019560-1-300x300.png 300w, https:\/\/armtek.com.tr\/wp-content\/uploads\/2024\/05\/ARCT-KA07-8019560-1-150x150.png 150w, https:\/\/armtek.com.tr\/wp-content\/uploads\/2024\/05\/ARCT-KA07-8019560-1-768x768.png 768w, https:\/\/armtek.com.tr\/wp-content\/uploads\/2024\/05\/ARCT-KA07-8019560-1-100x100.png 100w, https:\/\/armtek.com.tr\/wp-content\/uploads\/2024\/05\/ARCT-KA07-8019560-1.png 900w\" data-sizes=\"(max-width: 600px) 100vw, 600px\" \/><div class=\"cz_grid_details\"><i class=\"cz_grid_icon fa fa-search\"><\/i><\/div><\/a><\/div><\/div><div class=\"cz_grid_item \"><div><a class=\"cz_grid_link \" aria-lable=\"Image: ARCT-KA07-8019560---3\" href=\"https:\/\/armtek.com.tr\/wp-content\/uploads\/2024\/05\/ARCT-KA07-8019560-3.png\" data-xtra-lightbox><img decoding=\"async\" width=\"600\" height=\"600\" src=\"data:image\/svg+xml,%3Csvg%20xmlns%3D&#39;http%3A%2F%2Fwww.w3.org%2F2000%2Fsvg&#39;%20width=&#39;600&#39;%20height=&#39;600&#39;%20viewBox%3D&#39;0%200%20600%20600&#39;%2F%3E\" data-czlz data-src=\"https:\/\/armtek.com.tr\/wp-content\/uploads\/2024\/05\/ARCT-KA07-8019560-3-600x600.png\" class=\"attachment-codevz_600_600 size-codevz_600_600 wp-image-2117\" alt=\"\" data-srcset=\"https:\/\/armtek.com.tr\/wp-content\/uploads\/2024\/05\/ARCT-KA07-8019560-3-600x600.png 600w, https:\/\/armtek.com.tr\/wp-content\/uploads\/2024\/05\/ARCT-KA07-8019560-3-300x300.png 300w, https:\/\/armtek.com.tr\/wp-content\/uploads\/2024\/05\/ARCT-KA07-8019560-3-150x150.png 150w, https:\/\/armtek.com.tr\/wp-content\/uploads\/2024\/05\/ARCT-KA07-8019560-3-768x768.png 768w, https:\/\/armtek.com.tr\/wp-content\/uploads\/2024\/05\/ARCT-KA07-8019560-3-100x100.png 100w, https:\/\/armtek.com.tr\/wp-content\/uploads\/2024\/05\/ARCT-KA07-8019560-3.png 900w\" data-sizes=\"(max-width: 600px) 100vw, 600px\" \/><div class=\"cz_grid_details\"><i class=\"cz_grid_icon fa fa-search\"><\/i><\/div><\/a><\/div><\/div><div class=\"cz_grid_item \"><div><a class=\"cz_grid_link \" aria-lable=\"Image: ARCT-KA07-8019560---2\" href=\"https:\/\/armtek.com.tr\/wp-content\/uploads\/2024\/05\/ARCT-KA07-8019560-2.png\" data-xtra-lightbox><img loading=\"lazy\" decoding=\"async\" width=\"600\" height=\"600\" src=\"data:image\/svg+xml,%3Csvg%20xmlns%3D&#39;http%3A%2F%2Fwww.w3.org%2F2000%2Fsvg&#39;%20width=&#39;600&#39;%20height=&#39;600&#39;%20viewBox%3D&#39;0%200%20600%20600&#39;%2F%3E\" data-czlz data-src=\"https:\/\/armtek.com.tr\/wp-content\/uploads\/2024\/05\/ARCT-KA07-8019560-2-600x600.png\" class=\"attachment-codevz_600_600 size-codevz_600_600 wp-image-2075\" alt=\"\" data-srcset=\"https:\/\/armtek.com.tr\/wp-content\/uploads\/2024\/05\/ARCT-KA07-8019560-2-600x600.png 600w, https:\/\/armtek.com.tr\/wp-content\/uploads\/2024\/05\/ARCT-KA07-8019560-2-300x300.png 300w, https:\/\/armtek.com.tr\/wp-content\/uploads\/2024\/05\/ARCT-KA07-8019560-2-150x150.png 150w, https:\/\/armtek.com.tr\/wp-content\/uploads\/2024\/05\/ARCT-KA07-8019560-2-768x768.png 768w, https:\/\/armtek.com.tr\/wp-content\/uploads\/2024\/05\/ARCT-KA07-8019560-2-100x100.png 100w, https:\/\/armtek.com.tr\/wp-content\/uploads\/2024\/05\/ARCT-KA07-8019560-2.png 900w\" data-sizes=\"(max-width: 600px) 100vw, 600px\" \/><div class=\"cz_grid_details\"><i class=\"cz_grid_icon fa fa-search\"><\/i><\/div><\/a><\/div><\/div><\/div><\/div>\t\t<\/div>\n\t\t\t\t<\/div>\n\t\t\t\t<div class=\"elementor-element elementor-element-b62a023 elementor-hidden-desktop elementor-hidden-tablet elementor-hidden-mobile elementor-widget elementor-widget-cz_title\" data-id=\"b62a023\" data-element_type=\"widget\" data-widget_type=\"cz_title.default\">\n\t\t\t\t<div class=\"elementor-widget-container\">\n\t\t\t\t\r\n\t\t<div>\r\n\t\t\t<div class=\"cz_title clr cz_title_pos_left\"><div class=\"cz_title_content\"><div class=\"cz_wpe_content\"><p><em>TEDA\u015e-MYD\u2019nin ilgili \u015fartnamesine g\u00f6re BS-35 betondan \u00fcretilen Armtek Elektrik Monoblok Beton K\u00f6\u015fkler, a\u00e7\u0131k alanlarda mod\u00fcler ve kompakt hava yal\u0131t\u0131ml\u0131 h\u00fccreler\/ gaz yal\u0131t\u0131ml\u0131 h\u00fccreler, da\u011f\u0131t\u0131m trafolar\u0131, AG panolar, karayolu ve demiryolu ekipmanlar\u0131, jenarat\u00f6rler ve di\u011fer orta gerilim \u015falt cihazlar\u0131 ve da\u011f\u0131t\u0131m \u00fcr\u00fcnleri i\u00e7in 12- 36 kV\u2019ya kadar da\u011f\u0131t\u0131m sistemlerinde kullan\u0131ma uygundur. Tip testleri ICMET \u2013 LVT taraf\u0131ndan yap\u0131lm\u0131\u015ft\u0131r. T\u00fcm \u00f6zel \u00f6l\u00e7\u00fcler ve donan\u0131m eklentileri i\u00e7in satis@armtek.com.tr \u2018den bilgi alabilirsiniz<\/em><\/p><\/p>\n<\/div><\/div><\/div>\r\n\t\t<\/div>\r\n\t\t\r\n\t\t\t\t<\/div>\n\t\t\t\t<\/div>\n\t\t\t\t<\/div>\n\t\t<div class=\"elementor-element elementor-element-80736d5 e-con-full e-flex e-con e-child\" data-id=\"80736d5\" data-element_type=\"container\">\n\t\t\t\t<div class=\"elementor-element elementor-element-5b6bc2d elementor-widget elementor-widget-cz_tabs\" data-id=\"5b6bc2d\" data-element_type=\"widget\" data-widget_type=\"cz_tabs.default\">\n\t\t\t\t<div class=\"elementor-widget-container\">\n\t\t\t<div class=\"cz_tabs clr cz_tabs_htl cz_tabs_on_hover\"><div class=\"cz_tabs_content\"><a class=\"cz_tab_a hide elementor-repeater-item-441c80d\" data-tab=\"441c80d\" ><span class=\"cz_tab_in_title\">Document<\/span><\/a><div id=\"441c80d\" class=\"cz_tab\"><div><p><strong><a href=\"https:\/\/armtek.com.tr\/wp-content\/uploads\/2024\/05\/ARCT-KA07.pdf\"><span>Download technical drawing<\/span><\/a><\/strong><\/p><\/div><\/div><a class=\"cz_tab_a hide elementor-repeater-item-42d78d2\" data-tab=\"42d78d2\" ><span class=\"cz_tab_in_title\">Technicial Specifications<\/span><\/a><div id=\"42d78d2\" class=\"cz_tab\"><div><p><img loading=\"lazy\" decoding=\"async\" class=\"alignnone wp-image-6148 size-full\" src=\"data:image\/svg+xml,%3Csvg%20xmlns%3D&#39;http%3A%2F%2Fwww.w3.org%2F2000%2Fsvg&#39;%20width=&#39;1043&#39;%20height=&#39;680&#39;%20viewBox%3D&#39;0%200%201043%20680&#39;%2F%3E\" data-czlz data-src=\"https:\/\/armtek.com.tr\/wp-content\/uploads\/2024\/08\/ARMTEK_TABLO_EN_ARCT_KA07.png\" alt=\"\" width=\"1043\" height=\"680\" data-srcset=\"https:\/\/armtek.com.tr\/wp-content\/uploads\/2024\/08\/ARMTEK_TABLO_EN_ARCT_KA07.png 1043w, https:\/\/armtek.com.tr\/wp-content\/uploads\/2024\/08\/ARMTEK_TABLO_EN_ARCT_KA07-300x196.png 300w, https:\/\/armtek.com.tr\/wp-content\/uploads\/2024\/08\/ARMTEK_TABLO_EN_ARCT_KA07-1024x668.png 1024w, https:\/\/armtek.com.tr\/wp-content\/uploads\/2024\/08\/ARMTEK_TABLO_EN_ARCT_KA07-768x501.png 768w, https:\/\/armtek.com.tr\/wp-content\/uploads\/2024\/08\/ARMTEK_TABLO_EN_ARCT_KA07-600x391.png 600w\" data-sizes=\"(max-width: 1043px) 100vw, 1043px\" \/><\/p><\/div><\/div><\/div><\/div>\t\t<\/div>\n\t\t\t\t<\/div>\n\t\t\t\t<div class=\"elementor-element elementor-element-8923d32 elementor-hidden-desktop elementor-hidden-tablet elementor-hidden-mobile elementor-widget elementor-widget-cz_tabs\" data-id=\"8923d32\" data-element_type=\"widget\" data-widget_type=\"cz_tabs.default\">\n\t\t\t\t<div class=\"elementor-widget-container\">\n\t\t\t<div class=\"cz_tabs clr cz_tabs_htl cz_tabs_on_hover\"><div class=\"cz_tabs_content\"><a class=\"cz_tab_a hide elementor-repeater-item-dd52427\" data-tab=\"dd52427\" ><span class=\"cz_tab_in_title\">Referanslar<\/span><\/a><div id=\"dd52427\" class=\"cz_tab\"><div><p>Bo\u011fazi\u00e7i Elektrik Da\u011f\u0131t\u0131m A.\u015e.<br \/>\u00c7aml\u0131bel Elektrik Da\u011f\u0131t\u0131m A.\u015e.<br \/>Akdeniz Elektirik Da\u011f\u0131t\u0131m A.\u015e<br \/>Kayseri ve Civar\u0131 Elektrik T\u00fcrk A.\u015e<br \/>\u0130GA Yeni \u0130stanbul Havaalan\u0131<br \/>KMO Kuzey Marmara Otoyolu<br \/>Trakya Elektrik Da\u011f\u0131t\u0131m A.\u015e.<br \/>Sakarya Elektrik Da\u011f\u0131t\u0131m A.\u015e<br \/>Ye\u015fil\u0131rmak Elektrik Da\u011f\u0131t\u0131m A.\u015e<br \/>Aksa F\u0131rat- \u00c7oruh Elektrik Da\u011f\u0131t\u0131m A.\u015e<br \/>Osmangazi Elektrik Da\u011f\u0131t\u0131m A.\u015e<br \/>Aras Elektrik Da\u011f\u0131t\u0131m A.\u015e<\/p>\n<\/div><\/div><a class=\"cz_tab_a hide elementor-repeater-item-be71616\" data-tab=\"be71616\" ><span class=\"cz_tab_in_title\">\u00dcr\u00fcn Tipleri<\/span><\/a><div id=\"be71616\" class=\"cz_tab\"><div><p>ARCK 2550<br \/>ARCK 3200<br \/>ARCK 4000<br \/>ARCK 4500<br \/>ARCK 5500<br \/>ARCK 6500<br \/>ARCK 7500<\/p>\n<p><div id='gallery-1' class='gallery galleryid-5307 gallery-columns-3 gallery-size-thumbnail'><figure class='gallery-item'>\n\t\t\t<div class='gallery-icon landscape'>\n\t\t\t\t<a href='https:\/\/armtek.com.tr\/en\/beton-kosk-03-2\/'><img loading=\"lazy\" decoding=\"async\" width=\"150\" height=\"150\" src=\"data:image\/svg+xml,%3Csvg%20xmlns%3D&#39;http%3A%2F%2Fwww.w3.org%2F2000%2Fsvg&#39;%20width=&#39;150&#39;%20height=&#39;150&#39;%20viewBox%3D&#39;0%200%20150%20150&#39;%2F%3E\" data-czlz data-src=\"https:\/\/armtek.com.tr\/wp-content\/uploads\/2024\/05\/Beton-Kosk-03-150x150.png\" class=\"attachment-thumbnail size-thumbnail\" alt=\"\" data-srcset=\"https:\/\/armtek.com.tr\/wp-content\/uploads\/2024\/05\/Beton-Kosk-03-150x150.png 150w, https:\/\/armtek.com.tr\/wp-content\/uploads\/2024\/05\/Beton-Kosk-03-600x600.png 600w, https:\/\/armtek.com.tr\/wp-content\/uploads\/2024\/05\/Beton-Kosk-03-100x100.png 100w\" data-sizes=\"(max-width: 150px) 100vw, 150px\" \/><\/a>\n\t\t\t<\/div><\/figure><figure class='gallery-item'>\n\t\t\t<div class='gallery-icon landscape'>\n\t\t\t\t<a href='https:\/\/armtek.com.tr\/en\/beton-kosk-04-2\/'><img loading=\"lazy\" decoding=\"async\" width=\"150\" height=\"150\" src=\"data:image\/svg+xml,%3Csvg%20xmlns%3D&#39;http%3A%2F%2Fwww.w3.org%2F2000%2Fsvg&#39;%20width=&#39;150&#39;%20height=&#39;150&#39;%20viewBox%3D&#39;0%200%20150%20150&#39;%2F%3E\" data-czlz data-src=\"https:\/\/armtek.com.tr\/wp-content\/uploads\/2024\/05\/Beton-Kosk-04-150x150.png\" class=\"attachment-thumbnail size-thumbnail\" alt=\"\" data-srcset=\"https:\/\/armtek.com.tr\/wp-content\/uploads\/2024\/05\/Beton-Kosk-04-150x150.png 150w, https:\/\/armtek.com.tr\/wp-content\/uploads\/2024\/05\/Beton-Kosk-04-600x600.png 600w, https:\/\/armtek.com.tr\/wp-content\/uploads\/2024\/05\/Beton-Kosk-04-100x100.png 100w\" data-sizes=\"(max-width: 150px) 100vw, 150px\" \/><\/a>\n\t\t\t<\/div><\/figure><figure class='gallery-item'>\n\t\t\t<div class='gallery-icon landscape'>\n\t\t\t\t<a href='https:\/\/armtek.com.tr\/en\/beton-kosk-05-2\/'><img loading=\"lazy\" decoding=\"async\" width=\"150\" height=\"150\" src=\"data:image\/svg+xml,%3Csvg%20xmlns%3D&#39;http%3A%2F%2Fwww.w3.org%2F2000%2Fsvg&#39;%20width=&#39;150&#39;%20height=&#39;150&#39;%20viewBox%3D&#39;0%200%20150%20150&#39;%2F%3E\" data-czlz data-src=\"https:\/\/armtek.com.tr\/wp-content\/uploads\/2024\/05\/Beton-Kosk-05-150x150.png\" class=\"attachment-thumbnail size-thumbnail\" alt=\"\" data-srcset=\"https:\/\/armtek.com.tr\/wp-content\/uploads\/2024\/05\/Beton-Kosk-05-150x150.png 150w, https:\/\/armtek.com.tr\/wp-content\/uploads\/2024\/05\/Beton-Kosk-05-600x600.png 600w, https:\/\/armtek.com.tr\/wp-content\/uploads\/2024\/05\/Beton-Kosk-05-100x100.png 100w\" data-sizes=\"(max-width: 150px) 100vw, 150px\" \/><\/a>\n\t\t\t<\/div><\/figure><figure class='gallery-item'>\n\t\t\t<div class='gallery-icon landscape'>\n\t\t\t\t<a href='https:\/\/armtek.com.tr\/en\/beton-kosk-06-2\/'><img loading=\"lazy\" decoding=\"async\" width=\"150\" height=\"150\" src=\"data:image\/svg+xml,%3Csvg%20xmlns%3D&#39;http%3A%2F%2Fwww.w3.org%2F2000%2Fsvg&#39;%20width=&#39;150&#39;%20height=&#39;150&#39;%20viewBox%3D&#39;0%200%20150%20150&#39;%2F%3E\" data-czlz data-src=\"https:\/\/armtek.com.tr\/wp-content\/uploads\/2024\/05\/Beton-Kosk-06-150x150.png\" class=\"attachment-thumbnail size-thumbnail\" alt=\"\" data-srcset=\"https:\/\/armtek.com.tr\/wp-content\/uploads\/2024\/05\/Beton-Kosk-06-150x150.png 150w, https:\/\/armtek.com.tr\/wp-content\/uploads\/2024\/05\/Beton-Kosk-06-600x600.png 600w, https:\/\/armtek.com.tr\/wp-content\/uploads\/2024\/05\/Beton-Kosk-06-100x100.png 100w\" data-sizes=\"(max-width: 150px) 100vw, 150px\" \/><\/a>\n\t\t\t<\/div><\/figure><figure class='gallery-item'>\n\t\t\t<div class='gallery-icon landscape'>\n\t\t\t\t<a href='https:\/\/armtek.com.tr\/en\/beton-kosk-07-2\/'><img loading=\"lazy\" decoding=\"async\" width=\"150\" height=\"150\" src=\"data:image\/svg+xml,%3Csvg%20xmlns%3D&#39;http%3A%2F%2Fwww.w3.org%2F2000%2Fsvg&#39;%20width=&#39;150&#39;%20height=&#39;150&#39;%20viewBox%3D&#39;0%200%20150%20150&#39;%2F%3E\" data-czlz data-src=\"https:\/\/armtek.com.tr\/wp-content\/uploads\/2024\/05\/Beton-Kosk-07-150x150.png\" class=\"attachment-thumbnail size-thumbnail\" alt=\"\" data-srcset=\"https:\/\/armtek.com.tr\/wp-content\/uploads\/2024\/05\/Beton-Kosk-07-150x150.png 150w, https:\/\/armtek.com.tr\/wp-content\/uploads\/2024\/05\/Beton-Kosk-07-600x600.png 600w, https:\/\/armtek.com.tr\/wp-content\/uploads\/2024\/05\/Beton-Kosk-07-100x100.png 100w\" data-sizes=\"(max-width: 150px) 100vw, 150px\" \/><\/a>\n\t\t\t<\/div><\/figure><figure class='gallery-item'>\n\t\t\t<div class='gallery-icon landscape'>\n\t\t\t\t<a href='https:\/\/armtek.com.tr\/en\/beton-kosk-01-2\/'><img loading=\"lazy\" decoding=\"async\" width=\"150\" height=\"150\" src=\"data:image\/svg+xml,%3Csvg%20xmlns%3D&#39;http%3A%2F%2Fwww.w3.org%2F2000%2Fsvg&#39;%20width=&#39;150&#39;%20height=&#39;150&#39;%20viewBox%3D&#39;0%200%20150%20150&#39;%2F%3E\" data-czlz data-src=\"https:\/\/armtek.com.tr\/wp-content\/uploads\/2024\/05\/Beton-Kosk-01-150x150.png\" class=\"attachment-thumbnail size-thumbnail\" alt=\"\" data-srcset=\"https:\/\/armtek.com.tr\/wp-content\/uploads\/2024\/05\/Beton-Kosk-01-150x150.png 150w, https:\/\/armtek.com.tr\/wp-content\/uploads\/2024\/05\/Beton-Kosk-01-600x600.png 600w, https:\/\/armtek.com.tr\/wp-content\/uploads\/2024\/05\/Beton-Kosk-01-100x100.png 100w\" data-sizes=\"(max-width: 150px) 100vw, 150px\" \/><\/a>\n\t\t\t<\/div><\/figure><figure class='gallery-item'>\n\t\t\t<div class='gallery-icon landscape'>\n\t\t\t\t<a href='https:\/\/armtek.com.tr\/en\/beton-kosk-02-2\/'><img loading=\"lazy\" decoding=\"async\" width=\"150\" height=\"150\" src=\"data:image\/svg+xml,%3Csvg%20xmlns%3D&#39;http%3A%2F%2Fwww.w3.org%2F2000%2Fsvg&#39;%20width=&#39;150&#39;%20height=&#39;150&#39;%20viewBox%3D&#39;0%200%20150%20150&#39;%2F%3E\" data-czlz data-src=\"https:\/\/armtek.com.tr\/wp-content\/uploads\/2024\/05\/Beton-Kosk-02-150x150.png\" class=\"attachment-thumbnail size-thumbnail\" alt=\"\" data-srcset=\"https:\/\/armtek.com.tr\/wp-content\/uploads\/2024\/05\/Beton-Kosk-02-150x150.png 150w, https:\/\/armtek.com.tr\/wp-content\/uploads\/2024\/05\/Beton-Kosk-02-600x600.png 600w, https:\/\/armtek.com.tr\/wp-content\/uploads\/2024\/05\/Beton-Kosk-02-100x100.png 100w\" data-sizes=\"(max-width: 150px) 100vw, 150px\" \/><\/a>\n\t\t\t<\/div><\/figure>\n\t\t<\/div>\n<\/p>\n<\/div><\/div><a class=\"cz_tab_a hide elementor-repeater-item-42d78d2\" data-tab=\"42d78d2\" ><span class=\"cz_tab_in_title\">Teknik \u00d6zellikler<\/span><\/a><div id=\"42d78d2\" class=\"cz_tab\"><div><div class=\"vc_row wpb_row vc_row-fluid\" data-vc-full-width=\"true\" data-vc-full-width-init=\"true\">\n<div class=\"wpb_column vc_column_container vc_col-sm-8\">\n<div class=\"vc_column-inner\">\n<div class=\"wpb_wrapper\">\n<div class=\"wpb_tabs wpb_content_element tab-style-one\" data-interval=\"0\">\n<div class=\"wpb_wrapper wpb_tour_tabs_wrapper ui-tabs vc_clearfix ui-corner-all ui-widget ui-widget-content\">\n<div id=\"tab-c2ea2f1d-e032-1\" class=\"wpb_tab ui-tabs-panel wpb_ui-tabs-hide vc_clearfix ui-corner-bottom ui-widget-content\" role=\"tabpanel\" aria-labelledby=\"ui-id-1\" aria-hidden=\"false\">\n<div class=\"wpb_text_column wpb_content_element \">\n<div class=\"wpb_wrapper\">\n<div class=\"property-item sc-bwzfXH hKiLMS sc-bdVaJa iHZvIS sc-bdVaJa iHZvIS\">\n<div class=\"sc-bdVaJa YkvDQ\">\n<table width=\"0\">\n<tbody>\n<tr>\n<td width=\"305\">Anma Gerilimi<\/td>\n<td width=\"303\">12-36 kV<\/td>\n<\/tr>\n<tr>\n<td width=\"305\">\n<div class=\"sc-bdVaJa YkvDQ\">Maksimum Beyan G\u00fcc\u00fc (KVA)<\/div>\n<\/td>\n<td width=\"303\">1600 kV<\/td>\n<\/tr>\n<tr>\n<td width=\"305\">\n<div class=\"sc-bdVaJa YkvDQ\">Mahfaza S\u0131n\u0131f\u0131(IEC 62271-202)<\/div>\n<\/td>\n<td width=\"303\">10 kV<\/td>\n<\/tr>\n<tr>\n<td width=\"305\">\n<div class=\"sc-bdVaJa YkvDQ\">\u0130\u00e7 Ark Dayan\u0131m\u0131(Eri\u015fim A ve Eri\u015fim B\u2019ye g\u00f6re)<\/div>\n<\/td>\n<td width=\"303\">16kA\/1sn<\/td>\n<\/tr>\n<tr>\n<td width=\"305\">\n<div class=\"sc-bdVaJa YkvDQ\">Koruma S\u0131n\u0131f\u0131<\/div>\n<\/td>\n<td width=\"303\">IP 23 D<\/td>\n<\/tr>\n<tr>\n<td width=\"305\">H\u00fccre Tip Testi<\/td>\n<td width=\"303\">\n<div class=\"property-item sc-bwzfXH hKiLMS sc-bdVaJa iHZvIS sc-bdVaJa iHZvIS\">\n<div class=\"sc-bdVaJa jHdckK\">Hava Yal\u0131t\u0131ml\u0131\/Gaz Yal\u0131t\u0131ml\u0131<\/div>\n<\/div>\n<\/td>\n<\/tr>\n<\/tbody>\n<\/table>\n<\/div>\n<\/div>\n<\/div>\n<\/div>\n<\/div>\n<\/div>\n<\/div>\n<\/div>\n<\/div>\n<\/div>\n<\/div>\n<\/div><\/div><\/div><\/div>\t\t<\/div>\n\t\t\t\t<\/div>\n\t\t\t\t<\/div>\n\t\t\t\t\t<\/div>\n\t\t\t\t<\/div>\n\t\t\t\t\t<\/div>\n\t\t\t\t<\/div>\n\t\t\t\t<\/div>\n\t\t","protected":false},"excerpt":{"rendered":"<p>ARCT &#8211; KA07 8019560 TEDA\u015e-MYD\u2019nin ilgili \u015fartnamesine g\u00f6re BS-35 betondan \u00fcretilen &#8230; <\/p>\n","protected":false},"author":1,"featured_media":0,"parent":0,"menu_order":0,"comment_status":"closed","ping_status":"closed","template":"","meta":{"footnotes":""},"class_list":["post-5307","page","type-page","status-publish","hentry"],"_links":{"self":[{"href":"https:\/\/armtek.com.tr\/en\/wp-json\/wp\/v2\/pages\/5307"}],"collection":[{"href":"https:\/\/armtek.com.tr\/en\/wp-json\/wp\/v2\/pages"}],"about":[{"href":"https:\/\/armtek.com.tr\/en\/wp-json\/wp\/v2\/types\/page"}],"author":[{"embeddable":true,"href":"https:\/\/armtek.com.tr\/en\/wp-json\/wp\/v2\/users\/1"}],"replies":[{"embeddable":true,"href":"https:\/\/armtek.com.tr\/en\/wp-json\/wp\/v2\/comments?post=5307"}],"version-history":[{"count":8,"href":"https:\/\/armtek.com.tr\/en\/wp-json\/wp\/v2\/pages\/5307\/revisions"}],"predecessor-version":[{"id":6152,"href":"https:\/\/armtek.com.tr\/en\/wp-json\/wp\/v2\/pages\/5307\/revisions\/6152"}],"wp:attachment":[{"href":"https:\/\/armtek.com.tr\/en\/wp-json\/wp\/v2\/media?parent=5307"}],"curies":[{"name":"wp","href":"https:\/\/api.w.org\/{rel}","templated":true}]}}