{"id":5072,"date":"2024-04-03T14:51:43","date_gmt":"2024-04-03T11:51:43","guid":{"rendered":"https:\/\/armtek.com.tr\/kompakt-trafo-merkezleri\/"},"modified":"2024-07-02T11:47:25","modified_gmt":"2024-07-02T08:47:25","slug":"compact-transformer-substations","status":"publish","type":"page","link":"https:\/\/armtek.com.tr\/en\/compact-transformer-substations\/","title":{"rendered":"Compact Transformer Substations"},"content":{"rendered":"\t\t<div data-elementor-type=\"wp-page\" data-elementor-id=\"5072\" class=\"elementor elementor-5072 elementor-1416\">\n\t\t\t\t\t\t<section class=\"elementor-section elementor-top-section elementor-element elementor-element-57a88453 elementor-section-stretched elementor-section-boxed elementor-section-height-default elementor-section-height-default\" data-id=\"57a88453\" data-element_type=\"section\" data-settings=\"{&quot;stretch_section&quot;:&quot;section-stretched&quot;,&quot;background_background&quot;:&quot;classic&quot;}\">\n\t\t\t\t\t\t<div class=\"elementor-container elementor-column-gap-default\">\n\t\t\t\t\t<div class=\"elementor-column elementor-col-100 elementor-top-column elementor-element elementor-element-3629a386\" data-id=\"3629a386\" data-element_type=\"column\">\n\t\t\t<div class=\"elementor-widget-wrap elementor-element-populated\">\n\t\t\t\t\t\t<div class=\"elementor-element elementor-element-458c130 elementor-widget elementor-widget-cz_title\" data-id=\"458c130\" data-element_type=\"widget\" data-widget_type=\"cz_title.default\">\n\t\t\t\t<div class=\"elementor-widget-container\">\n\t\t\t\t\r\n\t\t<div>\r\n\t\t\t<div class=\"cz_title clr cz_title_pos_inline tac\"><div class=\"cz_title_content\"><div class=\"cz_wpe_content\"><div style=\"text-align: center; line-height: 1.4;\"><div class=\"page-title-head hgroup\"><section class=\"elementor-section elementor-top-section elementor-element elementor-element-57a88453 elementor-section-stretched elementor-section-boxed elementor-section-height-default elementor-section-height-default\" data-id=\"57a88453\" data-element_type=\"section\" data-settings=\"{&quot;stretch_section&quot;:&quot;section-stretched&quot;,&quot;background_background&quot;:&quot;classic&quot;}\"><div class=\"elementor-container elementor-column-gap-default\"><div class=\"elementor-column elementor-col-100 elementor-top-column elementor-element elementor-element-3629a386\" data-id=\"3629a386\" data-element_type=\"column\"><div class=\"elementor-widget-wrap elementor-element-populated\"><div class=\"elementor-element elementor-element-458c130 elementor-widget elementor-widget-cz_title\" data-id=\"458c130\" data-element_type=\"widget\" data-widget_type=\"cz_title.default\"><div class=\"elementor-widget-container\"><div><div class=\"cz_title clr cz_smart_fs cz_title_pos_inline tac\"><div class=\"cz_title_content\"><div class=\"cz_wpe_content\"><div><div class=\"page-title-head hgroup\"><h3><span>Compact Transformer Substations<\/span><\/h3><\/div><\/div><\/div><\/div><\/div><\/div><\/div><\/div><\/div><\/div><\/div><\/section><\/div><\/div><\/div><\/div><\/div>\r\n\t\t<\/div>\r\n\t\t\r\n\t\t\t\t<\/div>\n\t\t\t\t<\/div>\n\t\t\t\t\t<\/div>\n\t\t<\/div>\n\t\t\t\t\t<\/div>\n\t\t<\/section>\n\t\t<div class=\"elementor-element elementor-element-22e0ae2 e-flex e-con-boxed e-con e-parent\" data-id=\"22e0ae2\" data-element_type=\"container\" data-core-v316-plus=\"true\">\n\t\t\t\t\t<div class=\"e-con-inner\">\n\t\t<div class=\"elementor-element elementor-element-46025db e-con-full e-flex e-con e-child\" data-id=\"46025db\" data-element_type=\"container\">\n\t\t\t\t<div class=\"elementor-element elementor-element-8667817 elementor-widget elementor-widget-cz_banner\" data-id=\"8667817\" data-element_type=\"widget\" data-widget_type=\"cz_banner.default\">\n\t\t\t\t<div class=\"elementor-widget-container\">\n\t\t\t\t\t<div class=\"cz_banner clr\">\r\n\t\t\t<figure class=\"effect-style18\"\">\r\n\t\t\t\t<img fetchpriority=\"high\" decoding=\"async\" width=\"426\" height=\"426\" src=\"data:image\/svg+xml,%3Csvg%20xmlns%3D&#39;http%3A%2F%2Fwww.w3.org%2F2000%2Fsvg&#39;%20width=&#39;426&#39;%20height=&#39;426&#39;%20viewBox%3D&#39;0%200%20426%20426&#39;%2F%3E\" data-czlz data-src=\"https:\/\/armtek.com.tr\/wp-content\/uploads\/2024\/05\/tf-.png\" class=\"attachment-full size-full wp-image-3224\" alt=\"\" data-srcset=\"https:\/\/armtek.com.tr\/wp-content\/uploads\/2024\/05\/tf-.png 426w, https:\/\/armtek.com.tr\/wp-content\/uploads\/2024\/05\/tf--300x300.png 300w, https:\/\/armtek.com.tr\/wp-content\/uploads\/2024\/05\/tf--150x150.png 150w, https:\/\/armtek.com.tr\/wp-content\/uploads\/2024\/05\/tf--100x100.png 100w\" data-sizes=\"(max-width: 426px) 100vw, 426px\" \/>\t\t\t\t<figcaption>\r\n\t\t\t\t\t<div>\r\n\t\t\t\t\t\t<h4><\/h4>\r\n\t\t\t\t\t\t\t\t\t\t\t<\/div> \r\n\t\t\t\t\t<a href=\"\/en\/concrete-kiosks\/\"><\/a>\r\n\t\t\t\t<\/figcaption>\r\n\t\t\t<\/figure>\r\n\t\t<\/div>\r\n\t\t\t\t<\/div>\n\t\t\t\t<\/div>\n\t\t\t\t<div class=\"elementor-element elementor-element-04b38f5 elementor-widget elementor-widget-cz_title\" data-id=\"04b38f5\" data-element_type=\"widget\" data-widget_type=\"cz_title.default\">\n\t\t\t\t<div class=\"elementor-widget-container\">\n\t\t\t\t\r\n\t\t<div>\r\n\t\t\t<div class=\"cz_title clr cz_title_ba_line cz_title_pos_left\"><a href=\"\/en\/concrete-kiosks\/\"><div class=\"cz_title_content\"><div class=\"cz_wpe_content\"><h3><span>ARCK Series Monoblock Concrete Kiosks<\/span><\/h3><\/div><div class=\"cz_title_line cz_line_after_title\"><span>_<\/span><\/div><\/div><\/a><\/div>\r\n\t\t<\/div>\r\n\t\t\r\n\t\t\t\t<\/div>\n\t\t\t\t<\/div>\n\t\t\t\t<\/div>\n\t\t<div class=\"elementor-element elementor-element-270cb9f e-con-full e-flex e-con e-child\" data-id=\"270cb9f\" data-element_type=\"container\">\n\t\t\t\t<div class=\"elementor-element elementor-element-81ab790 elementor-widget elementor-widget-cz_banner\" data-id=\"81ab790\" data-element_type=\"widget\" data-widget_type=\"cz_banner.default\">\n\t\t\t\t<div class=\"elementor-widget-container\">\n\t\t\t\t\t<div class=\"cz_banner clr\">\r\n\t\t\t<figure class=\"effect-style18\"\">\r\n\t\t\t\t<img decoding=\"async\" width=\"900\" height=\"900\" src=\"data:image\/svg+xml,%3Csvg%20xmlns%3D&#39;http%3A%2F%2Fwww.w3.org%2F2000%2Fsvg&#39;%20width=&#39;900&#39;%20height=&#39;900&#39;%20viewBox%3D&#39;0%200%20900%20900&#39;%2F%3E\" data-czlz data-src=\"https:\/\/armtek.com.tr\/wp-content\/uploads\/2024\/05\/sackosk2.png\" class=\"attachment-full size-full wp-image-2949\" alt=\"\" data-srcset=\"https:\/\/armtek.com.tr\/wp-content\/uploads\/2024\/05\/sackosk2.png 900w, https:\/\/armtek.com.tr\/wp-content\/uploads\/2024\/05\/sackosk2-300x300.png 300w, https:\/\/armtek.com.tr\/wp-content\/uploads\/2024\/05\/sackosk2-150x150.png 150w, https:\/\/armtek.com.tr\/wp-content\/uploads\/2024\/05\/sackosk2-768x768.png 768w, https:\/\/armtek.com.tr\/wp-content\/uploads\/2024\/05\/sackosk2-600x600.png 600w, https:\/\/armtek.com.tr\/wp-content\/uploads\/2024\/05\/sackosk2-100x100.png 100w\" data-sizes=\"(max-width: 900px) 100vw, 900px\" \/>\t\t\t\t<figcaption>\r\n\t\t\t\t\t<div>\r\n\t\t\t\t\t\t<h4><\/h4>\r\n\t\t\t\t\t\t\t\t\t\t\t<\/div> \r\n\t\t\t\t\t<a href=\"\/en\/sheet-metal-kiosks\/\"><\/a>\r\n\t\t\t\t<\/figcaption>\r\n\t\t\t<\/figure>\r\n\t\t<\/div>\r\n\t\t\t\t<\/div>\n\t\t\t\t<\/div>\n\t\t\t\t<div class=\"elementor-element elementor-element-badb643 elementor-widget elementor-widget-cz_title\" data-id=\"badb643\" data-element_type=\"widget\" data-widget_type=\"cz_title.default\">\n\t\t\t\t<div class=\"elementor-widget-container\">\n\t\t\t\t\r\n\t\t<div>\r\n\t\t\t<div class=\"cz_title clr cz_title_ba_line cz_title_pos_left\"><a href=\"\/en\/sheet-metal-kiosks\/\"><div class=\"cz_title_content\"><div class=\"cz_wpe_content\"><div class=\"cz_wpe_content\"><h3><b>ARSK Series Metal Sheet Kiosks<\/b><\/h3><\/div><\/div><div class=\"cz_title_line cz_line_after_title\"><span>_<\/span><\/div><\/div><\/a><\/div>\r\n\t\t<\/div>\r\n\t\t\r\n\t\t\t\t<\/div>\n\t\t\t\t<\/div>\n\t\t\t\t<\/div>\n\t\t<div class=\"elementor-element elementor-element-aee7a72 e-con-full e-flex e-con e-child\" data-id=\"aee7a72\" data-element_type=\"container\">\n\t\t\t\t<div class=\"elementor-element elementor-element-bae473c elementor-widget elementor-widget-cz_banner\" data-id=\"bae473c\" data-element_type=\"widget\" data-widget_type=\"cz_banner.default\">\n\t\t\t\t<div class=\"elementor-widget-container\">\n\t\t\t\t\t<div class=\"cz_banner clr cz_svg_bg\">\r\n\t\t\t<figure class=\"effect-style18\"\">\r\n\t\t\t\t<img decoding=\"async\" width=\"478\" height=\"480\" src=\"data:image\/svg+xml,%3Csvg%20xmlns%3D&#39;http%3A%2F%2Fwww.w3.org%2F2000%2Fsvg&#39;%20width=&#39;478&#39;%20height=&#39;480&#39;%20viewBox%3D&#39;0%200%20478%20480&#39;%2F%3E\" data-czlz data-src=\"https:\/\/armtek.com.tr\/wp-content\/uploads\/2024\/05\/ARCK-Serisi-Monoblok-Beton-Koskelr-gorsel-1.jpg\" class=\"attachment-full size-full wp-image-2602\" alt=\"\" data-srcset=\"https:\/\/armtek.com.tr\/wp-content\/uploads\/2024\/05\/ARCK-Serisi-Monoblok-Beton-Koskelr-gorsel-1.jpg 478w, https:\/\/armtek.com.tr\/wp-content\/uploads\/2024\/05\/ARCK-Serisi-Monoblok-Beton-Koskelr-gorsel-1-300x300.jpg 300w, https:\/\/armtek.com.tr\/wp-content\/uploads\/2024\/05\/ARCK-Serisi-Monoblok-Beton-Koskelr-gorsel-1-150x150.jpg 150w, https:\/\/armtek.com.tr\/wp-content\/uploads\/2024\/05\/ARCK-Serisi-Monoblok-Beton-Koskelr-gorsel-1-100x100.jpg 100w\" data-sizes=\"(max-width: 478px) 100vw, 478px\" \/>\t\t\t\t<figcaption>\r\n\t\t\t\t\t<div>\r\n\t\t\t\t\t\t<h4><\/h4>\r\n\t\t\t\t\t\t\t\t\t\t\t<\/div> \r\n\t\t\t\t\t<a href=\"\/en\/arpk-series-prefabricated-kiosks\/\"><\/a>\r\n\t\t\t\t<\/figcaption>\r\n\t\t\t<\/figure>\r\n\t\t<\/div>\r\n\t\t\t\t<\/div>\n\t\t\t\t<\/div>\n\t\t\t\t<div class=\"elementor-element elementor-element-3e90c6a elementor-widget elementor-widget-cz_title\" data-id=\"3e90c6a\" data-element_type=\"widget\" data-widget_type=\"cz_title.default\">\n\t\t\t\t<div class=\"elementor-widget-container\">\n\t\t\t\t\r\n\t\t<div>\r\n\t\t\t<div class=\"cz_title clr cz_title_ba_line cz_title_pos_left\"><a href=\"\/en\/arpk-series-prefabricated-kiosks\/\"><div class=\"cz_title_content\"><div class=\"cz_wpe_content\"><div class=\"cz_wpe_content\"><h3><span>ARPK Series Prefabricated Kiosks<\/span><\/h3><\/div><\/div><div class=\"cz_title_line cz_line_after_title\"><span>_<\/span><\/div><\/div><\/a><\/div>\r\n\t\t<\/div>\r\n\t\t\r\n\t\t\t\t<\/div>\n\t\t\t\t<\/div>\n\t\t\t\t<\/div>\n\t\t\t\t\t<\/div>\n\t\t\t\t<\/div>\n\t\t<div class=\"elementor-element elementor-element-bec3fec e-flex e-con-boxed e-con e-parent\" data-id=\"bec3fec\" data-element_type=\"container\" data-core-v316-plus=\"true\">\n\t\t\t\t\t<div class=\"e-con-inner\">\n\t\t<div class=\"elementor-element elementor-element-e23f3f4 e-con-full e-flex e-con e-child\" data-id=\"e23f3f4\" data-element_type=\"container\">\n\t\t\t\t<div class=\"elementor-element elementor-element-036bbb9 elementor-widget elementor-widget-cz_banner\" data-id=\"036bbb9\" data-element_type=\"widget\" data-widget_type=\"cz_banner.default\">\n\t\t\t\t<div class=\"elementor-widget-container\">\n\t\t\t\t\t<div class=\"cz_banner clr cz_svg_bg\">\r\n\t\t\t<figure class=\"effect-style18\"\">\r\n\t\t\t\t<img loading=\"lazy\" decoding=\"async\" width=\"1000\" height=\"967\" src=\"data:image\/svg+xml,%3Csvg%20xmlns%3D&#39;http%3A%2F%2Fwww.w3.org%2F2000%2Fsvg&#39;%20width=&#39;1000&#39;%20height=&#39;967&#39;%20viewBox%3D&#39;0%200%201000%20967&#39;%2F%3E\" data-czlz data-src=\"https:\/\/armtek.com.tr\/wp-content\/uploads\/2024\/04\/mobil-dagitim.png\" class=\"attachment-full size-full wp-image-1760\" alt=\"\" data-srcset=\"https:\/\/armtek.com.tr\/wp-content\/uploads\/2024\/04\/mobil-dagitim.png 1000w, https:\/\/armtek.com.tr\/wp-content\/uploads\/2024\/04\/mobil-dagitim-300x290.png 300w, https:\/\/armtek.com.tr\/wp-content\/uploads\/2024\/04\/mobil-dagitim-768x743.png 768w, https:\/\/armtek.com.tr\/wp-content\/uploads\/2024\/04\/mobil-dagitim-600x580.png 600w\" data-sizes=\"(max-width: 1000px) 100vw, 1000px\" \/>\t\t\t\t<figcaption>\r\n\t\t\t\t\t<div>\r\n\t\t\t\t\t\t<h4><\/h4>\r\n\t\t\t\t\t\t\t\t\t\t\t<\/div> \r\n\t\t\t\t\t<a href=\"\/en\/mobile-distribution-and-transformer-centers\/\"><\/a>\r\n\t\t\t\t<\/figcaption>\r\n\t\t\t<\/figure>\r\n\t\t<\/div>\r\n\t\t\t\t<\/div>\n\t\t\t\t<\/div>\n\t\t\t\t<div class=\"elementor-element elementor-element-d2ce60e elementor-widget elementor-widget-cz_title\" data-id=\"d2ce60e\" data-element_type=\"widget\" data-widget_type=\"cz_title.default\">\n\t\t\t\t<div class=\"elementor-widget-container\">\n\t\t\t\t\r\n\t\t<div>\r\n\t\t\t<div class=\"cz_title clr cz_title_ba_line cz_title_pos_left\"><a href=\"\/en\/mobile-distribution-and-transformer-centers\/\"><div class=\"cz_title_content\"><div class=\"cz_wpe_content\"><h3><b>Mobile Substations Center<\/b><\/h3><\/div><div class=\"cz_title_line cz_line_after_title\"><span>_<\/span><\/div><\/div><\/a><\/div>\r\n\t\t<\/div>\r\n\t\t\r\n\t\t\t\t<\/div>\n\t\t\t\t<\/div>\n\t\t\t\t<\/div>\n\t\t<div class=\"elementor-element elementor-element-fcb0f4d e-con-full e-flex e-con e-child\" data-id=\"fcb0f4d\" data-element_type=\"container\">\n\t\t\t\t<\/div>\n\t\t<div class=\"elementor-element elementor-element-8a6f35a e-con-full e-flex e-con e-child\" data-id=\"8a6f35a\" data-element_type=\"container\">\n\t\t\t\t<\/div>\n\t\t\t\t\t<\/div>\n\t\t\t\t<\/div>\n\t\t<div class=\"elementor-element elementor-element-535f858 elementor-hidden-desktop elementor-hidden-tablet elementor-hidden-mobile e-flex e-con-boxed e-con e-parent\" data-id=\"535f858\" data-element_type=\"container\" data-core-v316-plus=\"true\">\n\t\t\t\t\t<div class=\"e-con-inner\">\n\t\t<div class=\"elementor-element elementor-element-cdf06a2 e-flex e-con-boxed e-con e-child\" data-id=\"cdf06a2\" data-element_type=\"container\">\n\t\t\t\t\t<div class=\"e-con-inner\">\n\t\t\t\t<div class=\"elementor-element elementor-element-e943d1a elementor-widget elementor-widget-text-editor\" data-id=\"e943d1a\" data-element_type=\"widget\" data-widget_type=\"text-editor.default\">\n\t\t\t\t<div class=\"elementor-widget-container\">\n\t\t\t<style>\/*! elementor - v3.20.0 - 26-03-2024 *\/\n.elementor-widget-text-editor.elementor-drop-cap-view-stacked .elementor-drop-cap{background-color:#69727d;color:#fff}.elementor-widget-text-editor.elementor-drop-cap-view-framed .elementor-drop-cap{color:#69727d;border:3px solid;background-color:transparent}.elementor-widget-text-editor:not(.elementor-drop-cap-view-default) .elementor-drop-cap{margin-top:8px}.elementor-widget-text-editor:not(.elementor-drop-cap-view-default) .elementor-drop-cap-letter{width:1em;height:1em}.elementor-widget-text-editor .elementor-drop-cap{float:left;text-align:center;line-height:1;font-size:50px}.elementor-widget-text-editor .elementor-drop-cap-letter{display:inline-block}<\/style>\t\t\t\t<div class=\"vc_row wpb_row vc_row-fluid vc_row-o-content-middle vc_row-flex\">\n<div class=\"wpb_column vc_column_container vc_col-sm-6\">\n<div class=\"vc_column-inner\">\n<div class=\"wpb_wrapper\">\n<div class=\"wpb_text_column wpb_content_element \">\n<div class=\"wpb_wrapper\">\n<div class=\"vc_row wpb_row vc_row-fluid vc_row-o-content-middle vc_row-flex\">\n<div class=\"wpb_column vc_column_container vc_col-sm-6\">\n<div class=\"vc_column-inner\">\n<div class=\"wpb_wrapper\">\n<div class=\"wpb_text_column wpb_content_element \">\n<div class=\"wpb_wrapper\">\n<h3>ARCK Serisi Beton K\u00f6\u015fkler<\/h3>\n<p>ARCK serisi OG-AG Prefabrik Monoblok Beton Transformat\u00f6r ve Da\u011f\u0131t\u0131m Merkezleri, OG AG elektrik tesisleri i\u00e7in tasarlanm\u0131\u015f, ilgili uluslararas\u0131 standartlara ve \u015fartnamelere g\u00f6re \u00fcretilen \u00fcr\u00fcnlerdir.<\/p>\n<h3>Kullan\u0131m Alanlar\u0131<\/h3>\n<p>Elektrik \u00fcretim (RES\/HES), iletim ve da\u011f\u0131t\u0131m tesisleri ile end\u00fcstriyel ve ticari tesislerde<br \/>\u2013 OG\/AG Transformat\u00f6r merkezi<br \/>\u2013 OG Da\u011f\u0131t\u0131m merkezi<br \/>\u2013 AG Pano kabini<br \/>\u2013 Jenerat\u00f6r kabini olarak kullan\u0131lmaktad\u0131r.<\/p>\n<h3>Kompakt Trafo Merkezleri Avantajlar<\/h3>\n<ul>\n<li>Tip testleri ile kan\u0131tlanm\u0131\u015f i\u00e7 ark dayan\u0131m\u0131 ve koruma s\u0131n\u0131f\u0131 ile sa\u011flanan personel g\u00fcvenli\u011fi<\/li>\n<li>Fabrika ortam\u0131nda montaj\u0131 yap\u0131lm\u0131\u015f ve test edilmi\u015f donan\u0131m ve i\u00e7 topraklama sistemi<\/li>\n<li>Standartlara uygun ve y\u00fcksek kaliteli elektriksel donan\u0131m kullan\u0131m\u0131 Uzun \u00f6m\u00fcrl\u00fc, \u00e7evre ko\u015fullar\u0131na dayan\u0131kl\u0131 sa\u011flam mahfaza,<\/li>\n<li>Asgari tesis alan\u0131 ihtiyac\u0131 ve in\u015faat i\u015fleri<\/li>\n<li>Kolay kurulum ve h\u0131zl\u0131 devreye alma<\/li>\n<li>Ta\u015f\u0131nabilirlik<\/li>\n<li>S\u0131n\u0131rs\u0131z renk ve y\u00fczey kaplama se\u00e7ene\u011fi ile \u00e7evreyle uyumlu estetik yap\u0131<\/li>\n<\/ul>\n<h3>\u0130\u00e7 Topraklama ve Ayd\u0131nlatma Sistemi<\/h3>\n<p>Beton mahfazan\u0131n \u00e7elik donat\u0131s\u0131, kap\u0131 ve elektrik te\u00e7hizat\u0131n\u0131n topraklama terminalleri ve topraklanmas\u0131 gereken di\u011fer b\u00fct\u00fcn metal par\u00e7alar standart ve \u015fartnamelerde belirtilen iletkenler kullan\u0131larak potansiyel dengeleme baras\u0131na (bak\u0131r) ta\u015f\u0131nmaktad\u0131r.<\/p>\n<h3>Kompakt Trafo Merkezleri<\/h3>\n<h4>Yap\u0131sal \u00d6zellikler<\/h4>\n<p>ARCK serisi Prefabrik Monoblok Beton Transformat\u00f6r ve Da\u011f\u0131t\u0131m Merkezleri a\u015fa\u011f\u0131da belirtilen temel bile\u015fenlerden olu\u015fur:<br \/>\u2013 OG-AG Anahtarlama Elemanlar\u0131<br \/>\u2013 Transformat\u00f6r<br \/>\u2013 OG-AG Dahili Ba\u011flant\u0131 Elemnlar\u0131<br \/>\u2013 AC\/DC Yard\u0131mc\u0131 Gerilim Kayna\u011f\u0131<br \/>\u2013 \u0130\u015fletme G\u00fcvenlik Malzemeleri<\/p>\n<\/div>\n<\/div>\n<\/div>\n<\/div>\n<\/div>\n<\/div>\n<\/div>\n<\/div>\n<\/div>\n<\/div>\n<\/div>\n<\/div>\n\t\t\t\t\t\t<\/div>\n\t\t\t\t<\/div>\n\t\t\t\t\t<\/div>\n\t\t\t\t<\/div>\n\t\t\t\t\t<\/div>\n\t\t\t\t<\/div>\n\t\t\t\t<\/div>\n\t\t","protected":false},"excerpt":{"rendered":"<p>Compact Transformer Substations ARSK Series Metal Sheet Kiosks _ Mobile Substations &#8230; <\/p>\n","protected":false},"author":1,"featured_media":0,"parent":0,"menu_order":0,"comment_status":"closed","ping_status":"closed","template":"","meta":{"footnotes":""},"class_list":["post-5072","page","type-page","status-publish","hentry"],"_links":{"self":[{"href":"https:\/\/armtek.com.tr\/en\/wp-json\/wp\/v2\/pages\/5072"}],"collection":[{"href":"https:\/\/armtek.com.tr\/en\/wp-json\/wp\/v2\/pages"}],"about":[{"href":"https:\/\/armtek.com.tr\/en\/wp-json\/wp\/v2\/types\/page"}],"author":[{"embeddable":true,"href":"https:\/\/armtek.com.tr\/en\/wp-json\/wp\/v2\/users\/1"}],"replies":[{"embeddable":true,"href":"https:\/\/armtek.com.tr\/en\/wp-json\/wp\/v2\/comments?post=5072"}],"version-history":[{"count":20,"href":"https:\/\/armtek.com.tr\/en\/wp-json\/wp\/v2\/pages\/5072\/revisions"}],"predecessor-version":[{"id":5661,"href":"https:\/\/armtek.com.tr\/en\/wp-json\/wp\/v2\/pages\/5072\/revisions\/5661"}],"wp:attachment":[{"href":"https:\/\/armtek.com.tr\/en\/wp-json\/wp\/v2\/media?parent=5072"}],"curies":[{"name":"wp","href":"https:\/\/api.w.org\/{rel}","templated":true}]}}